{"id":1908,"date":"2013-07-29T20:10:10","date_gmt":"2013-07-29T18:10:10","guid":{"rendered":"http:\/\/demo.mattiaviviani.com\/henix\/\/?page_id=1908"},"modified":"2020-05-19T07:14:20","modified_gmt":"2020-05-19T05:14:20","slug":"about-me-full-width","status":"publish","type":"page","link":"https:\/\/www.plakatpool.at\/?page_id=1908","title":{"rendered":"Wir \u00fcber uns"},"content":{"rendered":"<h3>WIR \u00dcBER UNS<\/h3>\n<p><span style=\"font-size: 11pt;\">Schon Anfang der 90er begann Edwin Prochaska \u2013 bekannt auch als ehm. Manager f\u00fcr Andy Baum,\u00a0Drahdiwaberl, Espresso, Peter Pan u.a. \u2013 als damals einer der aktivsten Veranstalter in St.P\u00f6lten das damals\u00a0\u201ewilde\u201c Plakatgeschehen (\u201ejeder gegen jeden\u201c) zu ordnen. In vielen Gespr\u00e4chen setzte sich dann das Einsehen durch, dass eine koordinierte Plakatierung f\u00fcr alle Beteilgten nur von Vorteil sein kann. Der \u201ePlakatpool\u201c war gegr\u00fcndet.<\/span><\/p>\n<p><span style=\"font-size: 11pt;\">Im Laufe der Jahre wurden die Strukturen immer professioneller, die Auftr\u00e4ge immer mehr, zu dem auch der kulturelle Aufschwung in der Stadt beitrug. Aus dem damaligen \u201eNebenprodukt\u201c entstand eine eigene Firma mit der Gewerbeberechtigung \u201eAnk\u00fcndigungsunternehmen\u201c.<\/span><\/p>\n<p><span style=\"font-size: 11pt;\">2005 \u2013 war eine der ersten Aktivit\u00e4ten von Neo-B\u00fcrgermeister Mag. Mathias Stadler, die inzwischen durch zahlreiche andere Aktivisten (Parteist\u00e4nder, Heurigenwerbung etc.) ausgeuferte Plakatflut, anzugehen. In vielen Gespr\u00e4chen wurde 2007 die heutige Form des Plakatsystems geboren, das inzwischen \u00f6sterreichweit als \u201evorbildhaft\u201c gehandelt wird. Im Zuge der Fu\u00dfball-EM \u00fcbernahm Wien in leicht abge\u00e4nderter Form dieses System. Neuerdings gibt es zahlreiche Anfragen von Gemeinden \u201ewie dieses System eigentlich funktioniert\u201c.<\/span><\/p>\n<p><span style=\"font-size: 12pt;\"><span style=\"font-size: 11pt;\">2012 wurde die Einzelfirma in die \u201eEdwin Prochaska-Werbeank\u00fcndigungs Ges.m.b.H. \u00fcbergef\u00fchrt. Vor Ort wird es immer noch als \u201ePlakatpool\u201c bezeichnet. Rund 500 A1-Sujets von ca. 250 Kunden werden j\u00e4hrlich von einem eingespielten Team professionell affichiert. Besonders stolz ist man beim \u201ePlakatpool St.P\u00f6lten\u201c \u00fcber den hervorragenden Ruf in Sachen Korrektheit und Verl\u00e4sslichkeit!<\/span><br \/>\n<\/span><\/p>\n<p>&nbsp;<\/p>\n<hr \/>\n<p><a href=\"\/wp-content\/uploads\/2013\/07\/edwin-didi-prochaska.jpg\"><img decoding=\"async\" loading=\"lazy\" class=\"  wp-image-3243  alignleft\" src=\"\/wp-content\/uploads\/2013\/07\/edwin-didi-prochaska.jpg\" alt=\"\" width=\"150\" height=\"201\" srcset=\"https:\/\/www.plakatpool.at\/wp-content\/uploads\/2013\/07\/edwin-didi-prochaska.jpg 787w, https:\/\/www.plakatpool.at\/wp-content\/uploads\/2013\/07\/edwin-didi-prochaska-224x300.jpg 224w, https:\/\/www.plakatpool.at\/wp-content\/uploads\/2013\/07\/edwin-didi-prochaska-765x1024.jpg 765w\" sizes=\"(max-width: 150px) 100vw, 150px\" \/><\/a><\/p>\n<p style=\"text-align: left;\"><span style=\"font-size: 12pt;\"><i><b>Man muss der Stadt St.P\u00f6lten und deren Verantwortlichen Respekt zollen.<br \/>\nIm Gegensatz zu vielen anderen St\u00e4dten hat man hier die \u201eungeliebte\u201c Plakatierung nicht einfach radikal eingeschr\u00e4nkt oder gar untersagt,\u00a0sondern erkannt, dass wenn man eine lebendige und vielf\u00e4ltige Veranstaltungsszenerie haben m\u00f6chte \u2013 also \u201ewas los\u201c sein soll \u2013 dies auch entsprechend bewerben k\u00f6nnen muss! (\u201eWenns keiner wei\u00df kann keiner hingehen\u201c). Nicht zuletzt dadurch kann St.P\u00f6lten heute mit einer vielf\u00e4ltigen, lebendigen und meist gutbesuchten Veranstaltungsszenerie aufwarten!<\/b><\/i><\/span><\/p>\n<p><span style=\"font-size: 10pt;\">Edwin Prochaska 2014<\/span><\/p>\n<h5 style=\"text-align: center;\"><\/h5>\n<p>&nbsp;<\/p>\n<hr \/>\n<p>&nbsp;<\/p>\n<h5 style=\"text-align: center;\"><\/h5>\n<p>&nbsp;<\/p>\n<p>Referenzliste<\/p>\n<p style=\"text-align: left;\"><span style=\"font-size: 12pt;\">AK-N\u00d6,\u00a0Amigos,\u00a0Best Management,\u00a0BFI,\u00a0BIKU,\u00a0B\u00fcro V,\u00a0Cinema Paradiso,\u00a0COFU Passau,\u00a0Donau-N\u00d6-Tourismus,\u00a0E &amp; A,\u00a0Egon,\u00a0Fachhochschule St.P\u00f6lten,\u00a0Fechter Management,\u00a0FF \u2013 div, Folk Club Waidhofen,\u00a0frei.raum,\u00a0Festspielhaus STP,\u00a0Garten Tulln,\u00a0Gewista,\u00a0Heavy Studios, Henzl Media,\u00a0Kindersommer Herzogenburg,\u00a0Musikschule STP,\u00a0Kulturverwaltung STP div,\u00a0Landesregierung div. (Sport, Umwelt, Familie etc.),\u00a0Landesmuseum,\u00a0Landestheater STP,\u00a0Lions STP,\u00a0N\u00d6-Landeswerbung div,\u00a0Operettenfreunde STP,\u00a0Schallaburg,\u00a0Show Factory,\u00a0Show Connection,\u00a0Stadtmarketing STP,\u00a0SKN StP,\u00a0VAZ \/ NXP,\u00a0Wachau Kultur Melk,\u00a0WIFI,\u00a0Warehouse STP,\u00a0WISA,\u00a0WK-N\u00d6,\u00a0W\u00fcrth,\u00a0u.v.a.m.<\/span><\/p>\n","protected":false},"excerpt":{"rendered":"<p>WIR \u00dcBER UNS Schon Anfang der 90er begann Edwin Prochaska \u2013 bekannt auch als ehm. Manager f\u00fcr Andy Baum,\u00a0Drahdiwaberl, Espresso, Peter Pan u.a. \u2013&hellip;<\/p>\n<p><a class=\"more-link\" href=\"https:\/\/www.plakatpool.at\/?page_id=1908\">Read More<\/a><\/p>\n","protected":false},"author":1,"featured_media":2713,"parent":0,"menu_order":3,"comment_status":"closed","ping_status":"closed","template":"page-templates\/fullwidth.php","meta":[],"_links":{"self":[{"href":"https:\/\/www.plakatpool.at\/index.php?rest_route=\/wp\/v2\/pages\/1908"}],"collection":[{"href":"https:\/\/www.plakatpool.at\/index.php?rest_route=\/wp\/v2\/pages"}],"about":[{"href":"https:\/\/www.plakatpool.at\/index.php?rest_route=\/wp\/v2\/types\/page"}],"author":[{"embeddable":true,"href":"https:\/\/www.plakatpool.at\/index.php?rest_route=\/wp\/v2\/users\/1"}],"replies":[{"embeddable":true,"href":"https:\/\/www.plakatpool.at\/index.php?rest_route=%2Fwp%2Fv2%2Fcomments&post=1908"}],"version-history":[{"count":71,"href":"https:\/\/www.plakatpool.at\/index.php?rest_route=\/wp\/v2\/pages\/1908\/revisions"}],"predecessor-version":[{"id":3687,"href":"https:\/\/www.plakatpool.at\/index.php?rest_route=\/wp\/v2\/pages\/1908\/revisions\/3687"}],"wp:featuredmedia":[{"embeddable":true,"href":"https:\/\/www.plakatpool.at\/index.php?rest_route=\/"}],"wp:attachment":[{"href":"https:\/\/www.plakatpool.at\/index.php?rest_route=%2Fwp%2Fv2%2Fmedia&parent=1908"}],"curies":[{"name":"wp","href":"https:\/\/api.w.org\/{rel}","templated":true}]}}