{"id":3248,"date":"2014-12-28T18:37:28","date_gmt":"2014-12-28T16:37:28","guid":{"rendered":"http:\/\/plakatpool.at\/plakatpoolgmbh\/?page_id=3248"},"modified":"2022-08-22T14:03:12","modified_gmt":"2022-08-22T12:03:12","slug":"home","status":"publish","type":"page","link":"https:\/\/www.plakatpool.at\/","title":{"rendered":"Home"},"content":{"rendered":"<h1><span style=\"font-family: arial, helvetica, sans-serif;\">Wos is los?<\/span><\/h1>\n<h1><span style=\"font-family: arial, helvetica, sans-serif;\">in St. P\u00f6lten<\/span><\/h1>\n<h2><span style=\"font-family: arial, helvetica, sans-serif;\">Wenn man eine lebendige und vielf\u00e4ltige Veranstaltungsszenerie haben m\u00f6chte \u2013 also \u201ewas los\u201c sein soll \u2013 dann muss man dies auch entsprechend bewerben k\u00f6nnen!<\/span><\/h2>\n","protected":false},"excerpt":{"rendered":"<p>Wos is los? in St. P\u00f6lten Wenn man eine lebendige und vielf\u00e4ltige Veranstaltungsszenerie haben m\u00f6chte \u2013 also \u201ewas los\u201c sein soll \u2013 dann muss&hellip;<\/p>\n<p><a class=\"more-link\" href=\"https:\/\/www.plakatpool.at\/\">Read More<\/a><\/p>\n","protected":false},"author":1,"featured_media":0,"parent":0,"menu_order":1,"comment_status":"closed","ping_status":"closed","template":"page-templates\/homepage.php","meta":[],"_links":{"self":[{"href":"https:\/\/www.plakatpool.at\/index.php?rest_route=\/wp\/v2\/pages\/3248"}],"collection":[{"href":"https:\/\/www.plakatpool.at\/index.php?rest_route=\/wp\/v2\/pages"}],"about":[{"href":"https:\/\/www.plakatpool.at\/index.php?rest_route=\/wp\/v2\/types\/page"}],"author":[{"embeddable":true,"href":"https:\/\/www.plakatpool.at\/index.php?rest_route=\/wp\/v2\/users\/1"}],"replies":[{"embeddable":true,"href":"https:\/\/www.plakatpool.at\/index.php?rest_route=%2Fwp%2Fv2%2Fcomments&post=3248"}],"version-history":[{"count":4,"href":"https:\/\/www.plakatpool.at\/index.php?rest_route=\/wp\/v2\/pages\/3248\/revisions"}],"predecessor-version":[{"id":3702,"href":"https:\/\/www.plakatpool.at\/index.php?rest_route=\/wp\/v2\/pages\/3248\/revisions\/3702"}],"wp:attachment":[{"href":"https:\/\/www.plakatpool.at\/index.php?rest_route=%2Fwp%2Fv2%2Fmedia&parent=3248"}],"curies":[{"name":"wp","href":"https:\/\/api.w.org\/{rel}","templated":true}]}}