{"id":3417,"date":"2014-12-29T20:40:24","date_gmt":"2014-12-29T18:40:24","guid":{"rendered":"http:\/\/plakatpool.at\/plakatpoolgmbh\/?page_id=3417"},"modified":"2018-01-25T18:06:29","modified_gmt":"2018-01-25T16:06:29","slug":"wissenswertes","status":"publish","type":"page","link":"https:\/\/www.plakatpool.at\/?page_id=3417","title":{"rendered":"Wissenswertes"},"content":{"rendered":"<h3 style=\"text-align: left;\" align=\"CENTER\"><a name=\"_GoBack\"><\/a>ERKL\u00c4RUNGEN<\/h3>\n<h5 style=\"text-align: left;\" align=\"CENTER\"><span style=\"font-size: 11pt;\">Warum Papieraufschl\u00e4ge?<\/span><\/h5>\n<p style=\"text-align: left;\"><span style=\"font-size: 11pt;\">Einige Papiersorten sind f\u00fcr uns nur mit zus\u00e4tzlichem Arbeitsaufwand zu affichieren. Dies betrifft insbesondere Papiere mit \u00fcber 110g (zb 125g), da diese \u00e4u\u00dferst steif sind und somit auf den Seitenr\u00e4ndern mehrmals bearbeitet werden m\u00fcssen, bis sie halten.<br \/>\n<\/span><br \/>\n<span style=\"font-size: 11pt;\"><strong>Vor allem jedoch Papier mit blauer R\u00fcckseite!<\/strong> (= Affichenpapier, Blue Back &#8211; in letzter Zeit von den Druckereien als \u201e<strong>Outdoorpapier<\/strong>\u201c beworben).<\/span><br \/>\n<span style=\"font-size: 11pt;\">Dieses Papier ist an sich f\u00fcr Gro\u00dffl\u00e4chenplakate gedacht. Diese werden vor dem Affichieren eingeweicht. Deshalb hat dieses Papier eine gro\u00dfe Faserstruktur und ist sehr saugf\u00e4hig. Bei der Affichierungstechnik f\u00fcr \u201eKleinplakate\u201c (also eben auch A1) wird der Untergrund bekleistert und das Plakat draufgeklebt. Dieses Papier saugt aber den Kleister sofort einmal weg und somit ist mehrmaliges Bearbeiten n\u00f6tig, bis es h\u00e4lt. Wenn wir nun bei einer Auflage von beispielsweise 100 Stk. bei jedem Plakat nur 1 Minute mehr ben\u00f6tigen, so sind das rund eineinhalb Arbeitsstunden mehr. Es wird jeder verstehen, dass dieser Mehraufwand bei einem Auftragsvolumen wie im Beispiel von netto \u20ac 225.- nicht mehr kostendeckend sein kann.<br \/>\n<\/span><br \/>\n<span style=\"font-size: 11pt;\">Wir bitten daher um Verst\u00e4ndnis, dass wir deshalb pro Plakat \u20ac 0,50 Aufschlag verrechnen m\u00fcssen.<\/span><\/p>\n<p style=\"text-align: left;\"><span style=\"font-size: 11pt;\">Abgelehnt wird grunds\u00e4tzlich UV-lackiertes Papier!<\/span><\/p>\n<p style=\"text-align: left;\"><span style=\"font-size: 11pt;\">Grund: Dieses ist ebenso problematisch zu affichieren. Zudem k\u00f6nnen wir sp\u00e4ter nicht dr\u00fcber kleben (Plastik). Es m\u00fcsste somit jedes Plakat einzeln wieder abgerissen und als extra als Sperrm\u00fcll entsorgt werden.<\/span><\/p>\n<hr \/>\n<h5 style=\"text-align: left;\" align=\"CENTER\">\u00a0WITTERUNGSVERLUSTE<\/h5>\n<p style=\"text-align: left;\"><span style=\"font-size: 11pt;\">L\u00e4ngerer oder st\u00e4rkerer Regen, sowie Wind, sind \u201enat\u00fcrliche Feinde\u201c der Plakatierung. Kommt beides zusammen herrscht ideales \u201eFlugwetter\u201c. D.h. \u2013 es liegt in der Natur der Outdoor-Plakatierung, dass witterungsbedingte Verluste immer wieder vorkommen. Es ist letztendlich \u201enur Papier\u201c, weicht auf und rei\u00dft\u2026<\/span><\/p>\n<p style=\"text-align: left;\"><span style=\"font-size: 11pt;\">Unser \u201eJob\u201c ist das zur Verf\u00fcgung stellen der Fl\u00e4chen, sowie die Plakatierung. Wie schon in unseren AGB\u00b4s erw\u00e4hnt, <strong>k\u00f6nnen wir nat\u00fcrlich keine Garantie oder Haftung<\/strong> f\u00fcr derartige Verluste \u00fcbernehmen.<\/span><\/p>\n<p style=\"text-align: left;\"><span style=\"font-size: 11pt;\">Der durchschnittliche Auflagen Verlust bei Regen und Wind liegt zwischen 15% bis (im Extremfall) 25%.<\/span><\/p>\n<hr \/>\n<h5 style=\"text-align: left;\" align=\"CENTER\">\u00a0FARBVERLUST<\/h5>\n<p style=\"text-align: left;\"><span style=\"font-size: 11pt;\">Aus Erfahrung und nach Recherchen bei Druckspezialisten wissen wir, dass herk\u00f6mmlicher Plakatdruck, wie er heute angeboten wird, sich aus 4 Farben zusammensetzt. \u201eSchwachstelle\u201c Nr.1 ist ROT (Magenta), vor allem, wenn es nicht VOLLROT ist. Bei Plakaten, die dem Schlagregen ausgesetzt sind, k<strong>ann es dabei zum (teilweisen) Auswaschen von ROT kommen.<\/strong> Im Sommer kann BLAU gelbstichig werden\/ausbleichen (selten).<\/span><\/p>\n<p style=\"text-align: left;\"><span style=\"font-size: 11pt;\">Nicht betroffen davon sind die Leuchtfarben-Plakate.<\/span><\/p>\n<p style=\"text-align: left;\"><span style=\"font-size: 11pt;\">Unser Kleister hat darauf keinerlei Einfluss (Labortests!). Es ist offensichtlich, dass nur dort Rot-Verlust sichtbar wird, wo Schlagregen aufkommt (nicht zB in Autobush\u00fctten etc.).<\/span><\/p>\n<hr \/>\n<h5 style=\"text-align: left;\" align=\"CENTER\">KLEISTER<\/h5>\n<p style=\"text-align: left;\"><span style=\"font-size: 11pt;\">Aus Umweltgr\u00fcnden und zum Schutz unserer Mitarbeiter verwenden wir einen absolut biologisch abbaubaren Plakatkleister auf Basis von Kartoffelst\u00e4rke.<\/span><\/p>\n","protected":false},"excerpt":{"rendered":"<p>ERKL\u00c4RUNGEN Warum Papieraufschl\u00e4ge? Einige Papiersorten sind f\u00fcr uns nur mit zus\u00e4tzlichem Arbeitsaufwand zu affichieren. Dies betrifft insbesondere Papiere mit \u00fcber 110g (zb 125g), da&hellip;<\/p>\n<p><a class=\"more-link\" href=\"https:\/\/www.plakatpool.at\/?page_id=3417\">Read More<\/a><\/p>\n","protected":false},"author":1,"featured_media":0,"parent":0,"menu_order":0,"comment_status":"closed","ping_status":"closed","template":"page-templates\/fullwidth.php","meta":[],"_links":{"self":[{"href":"https:\/\/www.plakatpool.at\/index.php?rest_route=\/wp\/v2\/pages\/3417"}],"collection":[{"href":"https:\/\/www.plakatpool.at\/index.php?rest_route=\/wp\/v2\/pages"}],"about":[{"href":"https:\/\/www.plakatpool.at\/index.php?rest_route=\/wp\/v2\/types\/page"}],"author":[{"embeddable":true,"href":"https:\/\/www.plakatpool.at\/index.php?rest_route=\/wp\/v2\/users\/1"}],"replies":[{"embeddable":true,"href":"https:\/\/www.plakatpool.at\/index.php?rest_route=%2Fwp%2Fv2%2Fcomments&post=3417"}],"version-history":[{"count":12,"href":"https:\/\/www.plakatpool.at\/index.php?rest_route=\/wp\/v2\/pages\/3417\/revisions"}],"predecessor-version":[{"id":3662,"href":"https:\/\/www.plakatpool.at\/index.php?rest_route=\/wp\/v2\/pages\/3417\/revisions\/3662"}],"wp:attachment":[{"href":"https:\/\/www.plakatpool.at\/index.php?rest_route=%2Fwp%2Fv2%2Fmedia&parent=3417"}],"curies":[{"name":"wp","href":"https:\/\/api.w.org\/{rel}","templated":true}]}}