{"id":3459,"date":"2014-12-29T22:32:46","date_gmt":"2014-12-29T20:32:46","guid":{"rendered":"http:\/\/plakatpool.at\/plakatpoolgmbh\/?page_id=3459"},"modified":"2020-05-19T07:15:13","modified_gmt":"2020-05-19T05:15:13","slug":"impressum","status":"publish","type":"page","link":"https:\/\/www.plakatpool.at\/?page_id=3459","title":{"rendered":"Impressum"},"content":{"rendered":"<p>&nbsp;<\/p>\n<h3><b><br \/>\n<a href=\"\/wp-content\/uploads\/2014\/12\/logonur_klein91.png\"><img decoding=\"async\" loading=\"lazy\" class=\"alignnone wp-image-3283 \" src=\"\/wp-content\/uploads\/2014\/12\/logonur_klein91.png\" alt=\"\" width=\"304\" height=\"40\" srcset=\"https:\/\/www.plakatpool.at\/wp-content\/uploads\/2014\/12\/logonur_klein91.png 327w, https:\/\/www.plakatpool.at\/wp-content\/uploads\/2014\/12\/logonur_klein91-300x39.png 300w\" sizes=\"(max-width: 304px) 100vw, 304px\" \/><\/a><br \/>\n<\/b><\/h3>\n<p class=\"p2\">Edwin Prochaska Werbeank\u00fcndigungsges.m.b.H,<br \/>\nHnilickastrasse 37, 3100 St.P\u00f6lten<\/p>\n<p class=\"p2\"><strong>Aktueller T\u00e4tigkeitsbereich:<br \/>\n<\/strong>Plakatierung von A1- (Veranstaltungs-) Plakaten im Stadtgebiet von St. P\u00f6lten innerhalb des vorgegebenen Plakatsystems<\/p>\n<p class=\"p2\"><strong>Rechtsform<\/strong> GmbH<\/p>\n<p class=\"p2\"><strong>Firmenbuchnummer<\/strong> 385407 a<\/p>\n<p class=\"p2\"><strong>Firmengericht<\/strong> Landesgericht St. P\u00f6lten<\/p>\n<p class=\"p2\"><strong>UID-Nummer<\/strong> ATU 67486927<\/p>\n<p class=\"p2\"><strong>Beh\u00f6rde gem\u00e4\u00df ECG (E-Commerce Gesetz)<\/strong> Bezirkshauptmannschaft Sankt P\u00f6lten (Stadt)<\/p>\n<p class=\"p2\"><strong>Kammerzugeh\u00f6rigkeit<\/strong> Werbung und Marktkommunikation Nieder\u00f6sterreich<\/p>\n<p class=\"p2\"><strong>Streitschlichtungsstelle<\/strong><br \/>\nWir erkennen den Internet Ombudsmann als au\u00dfergerichtliche Schlichtungsstelle an.<br \/>\n<a href=\"http:\/\/www.ombudsmann.at\">www.ombudsmann.at<\/a><\/p>\n<p class=\"p2\">Internet Ombudsmann | Margaretenstra\u00dfe 70\/2\/10 | 1050 Wien<br \/>\nDie EU-Kommission bietet die M\u00f6glichkeit zur Online-Streitbeilegung auf einer von ihr betriebenen Online-Plattform. Diese Plattform ist \u00fcber den externen Link <a href=\"http:\/\/ec.europa.eu\/consumers\/odr\">http:\/\/ec.europa.eu\/consumers\/odr<\/a>\/ zu erreichen.<\/p>\n<p class=\"p2\"><strong>Inhalt des Onlineangebotes<\/strong><\/p>\n<p class=\"p2\">Edwin Prochaska Werbeank\u00fcndigungsges.m.b.H. \u00fcbernimmt keinerlei Gew\u00e4hr f\u00fcr die Aktualit\u00e4t, Korrektheit, Vollst\u00e4ndigkeit oder Qualit\u00e4t der bereitgestellten Informationen. Haftungsanspr\u00fcche gegen die Edwin Prochaska Werbeank\u00fcndigungsges.m.b.H, die sich auf Sch\u00e4den materieller oder ideeller Art beziehen, die durch die Nutzung oder Nichtnutzung der dargebotenen Informationen bzw. durch die Nutzung fehlerhafter und unvollst\u00e4ndiger Informationen verursacht wurden sind grunds\u00e4tzlich ausgeschlossen, sofern seitens der Edwin Prochaska Werbeank\u00fcndigungsges.m.b.H. kein nachweislich vors\u00e4tzliches oder grob fahrl\u00e4ssiges Verschulden vorliegt. Edwin Prochaska Werbeank\u00fcndigungsges.m.b.H. beh\u00e4lt es sich ausdr\u00fccklich vor, Teile der Seiten oder das gesamte Angebot ohne gesonderte Ank\u00fcndigung zu ver\u00e4ndern, zu erg\u00e4nzen, zu l\u00f6schen oder die Ver\u00f6ffentlichung zeitweise oder endg\u00fcltig einzustellen.<\/p>\n<p class=\"p2\"><strong>Verweise und Links<\/strong><\/p>\n<p class=\"p2\">Edwin Prochaska Werbeank\u00fcndigungsges.m.b.H. erkl\u00e4rt ausdr\u00fccklich, dass zum Zeitpunkt der Linksetzung, der Verweis auf fremde Internetseiten (&#8222;Links&#8220;), die entsprechenden verlinkten Seiten frei von illegalen Inhalten waren. Edwin Prochaska Werbeank\u00fcndigungsges.m.b.H. hat keinerlei Einfluss auf die aktuelle und zuk\u00fcnftige Gestaltung und auf die Inhalte der gelinkten\/verkn\u00fcpften Seiten. Deshalb distanziert er sich hiermit ausdr\u00fccklich von allen Inhalten aller gelinkten\/ verkn\u00fcpften Seiten, die nach der Linksetzung ver\u00e4ndert wurden. Diese Feststellung gilt f\u00fcr alle innerhalb des eigenen Internetangebotes gesetzten Links. F\u00fcr illegale, fehlerhafte oder unvollst\u00e4ndige Inhalte und insbesondere f\u00fcr Sch\u00e4den, die aus der Nutzung oder Nichtnutzung solcherart dargebotener Informationen entstehen, haftet allein der Anbieter der Seite, auf welche verwiesen wurde, nicht derjenige, der \u00fcber Links auf die jeweilige Ver\u00f6ffentlichung lediglich verweist.<\/p>\n<p class=\"p2\"><strong>Urheber- und Kennzeichenrecht<\/strong><\/p>\n<p class=\"p2\">Edwin Prochaska Werbeank\u00fcndigungsges.m.b.H. ist bestrebt, in allen Publikationen die Urheberrechte der verwendeten Grafiken und Texte zu beachten, von ihm selbst erstellte Grafiken und Texte zu nutzen oder auf lizenzfreie Grafiken und Texte zur\u00fcckzugreifen. Alle innerhalb des Internetangebotes genannten und ggf. durch Dritte gesch\u00fctzten Marken- und Warenzeichen unterliegen uneingeschr\u00e4nkt den Bestimmungen des jeweils g\u00fcltigen Kennzeichenrechts und den Besitzrechten der jeweiligen eingetragenen Eigent\u00fcmer. Allein<\/p>\n<p class=\"p2\">aufgrund der blo\u00dfen Nennung ist nicht der Schluss zu ziehen, dass Markenzeichen nicht durch Rechte Dritter gesch\u00fctzt sind! Das Copyright f\u00fcr ver\u00f6ffentlichte, von Edwin Prochaska Werbeank\u00fcndigungsges.m.b.H. selbst erstellte Objekte bleibt allein Edwin Prochaska Werbeank\u00fcndigungsges.m.b.H.. Eine Vervielf\u00e4ltigung oder Verwendung solcher Grafiken und Texte in anderen elektronischen oder gedruckten Publikationen ist ohne ausdr\u00fcckliche Zustimmung von Edwin Prochaska Werbeank\u00fcndigungsges.m.b.H. nicht gestattet.<\/p>\n<p class=\"p2\"><strong>Rechtswirksamkeit dieses Haftungsausschlusses<\/strong><\/p>\n<p class=\"p2\">Dieser Haftungsausschluss ist als Teil des Internetangebotes zu betrachten, von dem aus auf diese Seite verwiesen wurde. Sofern Teile oder einzelne Formulierungen dieses Textes der geltenden Rechtslage nicht, nicht mehr oder nicht vollst\u00e4ndig entsprechen sollten, bleiben die \u00fcbrigen Teile des Dokumentes in ihrem Inhalt und ihrer G\u00fcltigkeit davon unber\u00fchrt.<\/p>\n<p class=\"p2\"><a href=\"https:\/\/firmen.wko.at\/Web\/DetailsKontakt.aspx?FirmaID=a3338aba-8fc0-4857-8c50-b6102e6f1d0d&amp;StandortID=0&amp;Suchbegriff=ofenbinder&amp;Page=1\">Informationspflicht laut E-Commerce-Gesetz (ECG)<\/a><\/p>\n<p class=\"p2\"><strong>An der Umsetzung beteiligte Unternehmen<\/strong><\/p>\n<p class=\"p2\">Foto Edwin Prochaska (Wir \u00fcber uns): \u00a9\u00a0Herbert K\u00e4fer<br \/>\nFotos S\u00e4ulensystem St. P\u00f6lten: \u00a9\u00a0Hannes Thomas H\u00f6ld<\/p>\n<p class=\"p2\">Website erstellt von:<br \/>\n<a href=\"http:\/\/www.formativmedia.at\">formativmedia<\/a><\/p>\n","protected":false},"excerpt":{"rendered":"<p>&nbsp; Edwin Prochaska Werbeank\u00fcndigungsges.m.b.H, Hnilickastrasse 37, 3100 St.P\u00f6lten Aktueller T\u00e4tigkeitsbereich: Plakatierung von A1- (Veranstaltungs-) Plakaten im Stadtgebiet von St. P\u00f6lten innerhalb des vorgegebenen Plakatsystems&hellip;<\/p>\n<p><a class=\"more-link\" href=\"https:\/\/www.plakatpool.at\/?page_id=3459\">Read More<\/a><\/p>\n","protected":false},"author":1,"featured_media":0,"parent":0,"menu_order":0,"comment_status":"closed","ping_status":"closed","template":"page-templates\/fullwidth.php","meta":[],"_links":{"self":[{"href":"https:\/\/www.plakatpool.at\/index.php?rest_route=\/wp\/v2\/pages\/3459"}],"collection":[{"href":"https:\/\/www.plakatpool.at\/index.php?rest_route=\/wp\/v2\/pages"}],"about":[{"href":"https:\/\/www.plakatpool.at\/index.php?rest_route=\/wp\/v2\/types\/page"}],"author":[{"embeddable":true,"href":"https:\/\/www.plakatpool.at\/index.php?rest_route=\/wp\/v2\/users\/1"}],"replies":[{"embeddable":true,"href":"https:\/\/www.plakatpool.at\/index.php?rest_route=%2Fwp%2Fv2%2Fcomments&post=3459"}],"version-history":[{"count":9,"href":"https:\/\/www.plakatpool.at\/index.php?rest_route=\/wp\/v2\/pages\/3459\/revisions"}],"predecessor-version":[{"id":3689,"href":"https:\/\/www.plakatpool.at\/index.php?rest_route=\/wp\/v2\/pages\/3459\/revisions\/3689"}],"wp:attachment":[{"href":"https:\/\/www.plakatpool.at\/index.php?rest_route=%2Fwp%2Fv2%2Fmedia&parent=3459"}],"curies":[{"name":"wp","href":"https:\/\/api.w.org\/{rel}","templated":true}]}}