{"id":3696,"date":"2022-07-14T11:33:55","date_gmt":"2022-07-14T09:33:55","guid":{"rendered":"https:\/\/www.plakatpool.at\/?page_id=3696"},"modified":"2022-07-14T11:36:03","modified_gmt":"2022-07-14T09:36:03","slug":"datenschutzerklaerung","status":"publish","type":"page","link":"https:\/\/www.plakatpool.at\/?page_id=3696","title":{"rendered":"Datenschutzerkl\u00e4rung"},"content":{"rendered":"<h2>Datenschutzerkl\u00e4rung<\/h2>\n<p><strong>Verantwortlicher f\u00fcr die Datenverarbeitung:<\/strong><\/p>\n<p>Edwin Prochaska Werbeank\u00fcndigungsges.m.b.H,<br \/>\nHnilickastrasse 37, 3100 St.P\u00f6lten<\/p>\n<p>Telefon: 0699 \u2013 100 50 393<br \/>\ne-mail:\u00a0<a href=\"mailto:office@plakatpool.at\">office@plakatpool.at<\/a><\/p>\n<p>Wir freuen uns \u00fcber Ihr Interesse an unserer Website. Der Schutz Ihrer Privatsph\u00e4re ist f\u00fcr uns sehr wichtig. Nachstehend informieren wir Sie ausf\u00fchrlich \u00fcber den Umgang mit Ihren Daten.<\/p>\n<h4><strong>Zugriffsdaten und Hosting<\/strong><\/h4>\n<p>Sie k\u00f6nnen unsere Webseiten besuchen, ohne Angaben zu Ihrer Person zu machen. Bei jedem Aufruf einer Webseite speichert der Webserver lediglich automatisch ein sogenanntes Server-Logfile, das z.B. den Namen der angeforderten Datei, Ihre IP-Adresse, Datum und Uhrzeit des Abrufs, \u00fcbertragene Datenmenge und den anfragenden Provider (Zugriffsdaten) enth\u00e4lt und den Abruf dokumentiert.<\/p>\n<h4><strong>Datenerhebung und -verwendung zur Vertragsabwicklung<\/strong><\/h4>\n<p>Wir erheben personenbezogene Daten, wenn Sie uns diese im Rahmen Ihrer Bestellung oder bei einer Kontaktaufnahme mit uns (z.B. per Kontaktformular oder E-Mail) mitteilen. Pflichtfelder werden als solche gekennzeichnet, da wir in diesen F\u00e4llen die Daten zwingend zur Vertragsabwicklung, bzw. zur Bearbeitung Ihrer Kontaktaufnahme ben\u00f6tigen und Sie ohne deren Angabe die Bestellung nicht abschlie\u00dfen, bzw. die Kontaktaufnahme nicht versenden k\u00f6nnen. Welche Daten erhoben werden, ist aus den jeweiligen Eingabeformularen ersichtlich. Wir verwenden die von ihnen mitgeteilten Daten gem\u00e4\u00df Art. 6 Abs. 1.<\/p>\n<p><strong>Datenweitergabe<\/strong><\/p>\n<p>Zur Vertragserf\u00fcllung gem\u00e4\u00df Art. 6 Abs. 1 S. 1 lit. b DSGVO geben wir Ihre Daten an das mit der Lieferung beauftragte Versandunternehmen weiter, soweit dies zur Lieferung bestellter Waren erforderlich ist. Je nach dem, welchen Zahlungsdienstleister Sie im Bestellprozess ausw\u00e4hlen, geben wir zur Abwicklung von Zahlungen die hierf\u00fcr erhobenen Zahlungsdaten an das mit der Zahlung beauftragte Kreditinstitut und ggf. von uns beauftragte Zahlungsdienstleister weiter.<\/p>\n<p><strong>Cookies und Webanalyse<\/strong><\/p>\n<p>Um den Besuch unserer Website attraktiv zu gestalten und die Nutzung bestimmter Funktionen zu erm\u00f6glichen, um passende Produkte anzuzeigen oder zur Marktforschung verwenden wir auf verschiedenen Seiten sogenannte Cookies. Dies dient der Wahrung unserer im Rahmen einer Interessensabw\u00e4gung \u00fcberwiegenden berechtigten Interessen an einer optimierten Darstellung unseres Angebots gem\u00e4\u00df Art. 6 Abs. 1 S. 1 lit. f DSGVO. Cookies sind kleine Textdateien, die automatisch auf Ihrem Endger\u00e4t gespeichert werden. Einige der von uns verwendeten Cookies werden nach Ende der Browser-Sitzung, also nach Schlie\u00dfen Ihres Browsers, wieder gel\u00f6scht (sog. Sitzungs-Cookies). Andere Cookies verbleiben<\/p>\n<p><strong>Google Fonts<\/strong><br \/>\nAuf dieser Webseite ist der Script Code \u201eGoogle Fonts\u201c eingebunden. Google Fonts ist ein Angebot der Google Ireland Limited, einer nach irischem Recht eingetragenen und betriebenen Gesellschaft mit Sitz in Gordon House, Barrow Street, Dublin 4, Irland. (<a href=\"http:\/\/www.google.de\/\" target=\"_blank\" rel=\"noreferrer noopener\">www.google.de<\/a>). Dies dient der Wahrung unserer im Rahmen einer Interessensabw\u00e4gung \u00fcberwiegenden berechtigten Interessen an einer einheitlichen Darstellung der Inhalte auf unserer Webseite gem\u00e4\u00df Art. 6 Abs. 1 lit. f) DSGVO. In diesem Rahmen wird eine Verbindung zwischen dem von Ihnen verwendeten Browser und den Servern von Google hergestellt. Hierdurch erlangt Google Kenntnis dar\u00fcber, dass \u00fcber Ihre IP-Adresse unsere Webseite aufgerufen wurde.<br \/>\nSoweit Informationen auf Server von Google in den USA \u00fcbertragen und dort gespeichert werden, ist die amerikanische Gesellschaft Google LLC unter dem EU-US-Privacy Shield zertifiziert. Ein aktuelles Zertifikat kann\u00a0<a href=\"https:\/\/www.privacyshield.gov\/list\" target=\"_blank\" rel=\"noreferrer noopener\">hier<\/a>\u00a0eingesehen werden. Aufgrund dieses Abkommens zwischen den USA und der Europ\u00e4ischen Kommission hat letztere f\u00fcr unter dem Privacy Shield zertifizierte Unternehmen ein angemessenes Datenschutzniveau festgestellt. Weitergehende Informationen \u00fcber die Datenverarbeitung durch Google finden Sie in den\u00a0<a href=\"https:\/\/policies.google.com\/privacy\" target=\"_blank\" rel=\"noreferrer noopener\">Datenschutzhinweisen<\/a>\u00a0von Google.<\/p>\n<p><strong>Adobe Typekit<\/strong><br \/>\nAuf dieser Webseite ist der Script Code \u201eAdobe Typekit\u201c des Unternehmens Adobe Systems Incorporated 345 Park Avenue San Jose, CA 95110-2704, USA (nachfolgend: Adobe) eingebunden. Dies dient der Wahrung unserer im Rahmen einer Interessensabw\u00e4gung \u00fcberwiegenden berechtigten Interessen an einer einheitlichen Darstellung der Inhalte auf unserer Webseite gem\u00e4\u00df Art. 6 Abs. 1 lit. f) DSGVO. In diesem Rahmen wird eine Verbindung zwischen dem von Ihnen verwendeten Browser und den Servern von Adobe hergestellt. Hierdurch erlangt Adobe Kenntnis dar\u00fcber, dass \u00fcber Ihre IP-Adresse unsere Webseite aufgerufen wurde.<br \/>\nAdobe ist zertifiziert unter dem EU-US-Privacy Shield. Ein aktuelles Zertifikat kann\u00a0<a href=\"https:\/\/www.privacyshield.gov\/list\" target=\"_blank\" rel=\"noreferrer noopener\">hier<\/a>\u00a0eingesehen werden. Aufgrund dieses Abkommens zwischen den USA und der Europ\u00e4ischen Kommission hat letztere f\u00fcr unter dem Privacy Shield zertifizierte Unternehmen ein angemessenes Datenschutzniveau festgestellt.<br \/>\nWeitergehende Informationen \u00fcber die Datenverarbeitung im Rahmen von Adobe Typekit finden Sie in den\u00a0<a href=\"https:\/\/www.adobe.com\/de\/privacy\/policies\/typekit.html\" target=\"_blank\" rel=\"noreferrer noopener\">Datenschutzhinweisen<\/a>\u00a0von Adobe.<\/p>\n<p><strong>Kontaktm\u00f6glichkeiten und Ihre Rechte<\/strong><\/p>\n<p>Als Betroffener haben Sie folgende Rechte:<\/p>\n<ul>\n<li>gem\u00e4\u00df Art. 15 DSGVO das Recht, in dem dort bezeichneten Umfang Auskunft \u00fcber Ihre von uns verarbeiteten personenbezogenen Daten zu verlangen;<\/li>\n<li>gem\u00e4\u00df Art. 16 DSGVO das Recht, unverz\u00fcglich die Berichtigung unrichtiger oder Vervollst\u00e4ndigung Ihrer bei uns gespeicherten personenbezogenen Daten zu verlangen;<\/li>\n<\/ul>\n<p>gem\u00e4\u00df Art. 17 DSGVO das Recht, die L\u00f6schung Ihrer bei uns gespeicherten personenbezogenen Daten zu verlangen, soweit nicht die weitere Verarbeitung<br \/>\n&#8211; zur Aus\u00fcbung des Rechts auf freie Meinungs\u00e4u\u00dferung und Information;<br \/>\n&#8211; zur Erf\u00fcllung einer rechtlichen (&#8230;)<\/p>\n<p>Einwilligungen oder Widerspruch gegen eine bestimmte Datenverwendung wenden Sie sich bitte direkt an uns \u00fcber die Kontaktdaten in unserem Impressum.<\/p>\n<p><strong>Datenschutzbeauftragter:<\/strong><\/p>\n<p>Edwin Prochaska Werbeank\u00fcndigungsges.m.b.H,<br \/>\nHnilickastrasse 37, 3100 St.P\u00f6lten<\/p>\n<p>Telefon: 0699 \u2013 100 50 393<br \/>\ne-mail:\u00a0<a href=\"mailto:office@plakatpool.at\">office@plakatpool.at<\/a><\/p>\n<p>********************************************************************<\/p>\n<h3><strong>Widerspruchsrecht<\/strong><\/h3>\n<p>Soweit wir zur Wahrung unserer im Rahmen einer Interessensabw\u00e4gung \u00fcberwiegenden berechtigten Interessen personenbezogene Daten wie oben erl\u00e4utert verarbeiten, k\u00f6nnen Sie dieser Verarbeitung mit Wirkung f\u00fcr die Zukunft widersprechen. Erfolgt die Verarbeitung zu Zwecken des Direktmarketings, k\u00f6nnen Sie dieses\u00a0 (&#8230;)<\/p>\n<p><em>Datenschutzerkl\u00e4rung<\/em><em>\u00a0erstellt mit dem\u00a0<a title=\"Trusted Shops Rechtstexter\" href=\"https:\/\/shop.trustedshops.com\/de\/rechtstexte\/?utm_term=trusted%20shops%20rechtstexte&amp;utm_campaign=LEX+Brand+Kampagne+(Neu)&amp;utm_source=adwords&amp;utm_medium=ppc&amp;hsa_acc=5202667374&amp;hsa_net=adwords&amp;hsa_cam=1487318585&amp;hsa_ad=284580313844&amp;hsa_kw=trusted%20shops%20rechtstexte&amp;hsa_grp=63044206488&amp;hsa_mt=p&amp;hsa_ver=3&amp;hsa_src=g&amp;hsa_tgt=kwd-475208390533&amp;gclid=CjwKCAjwtIXbBRBhEiwAWV-5nl3GoVP82XaKZLOKmQdeMRtVIapNcmWZ0RJPc1UtmxBSXzi7nBNYnhoCeHkQAvD_BwE\" target=\"_blank\">Trusted Shops Rechtstexter<\/a>\u00a0in Kooperation mit\u00a0<a title=\"Wilde Beuger Solmecke Rechtsanw\u00e4lte\" href=\"http:\/\/www.wbs-law.de\/\" target=\"_blank\">Wilde Beuger Solmecke Rechtsanw\u00e4lte<\/a>.<\/em><\/p>\n","protected":false},"excerpt":{"rendered":"<p>Datenschutzerkl\u00e4rung Verantwortlicher f\u00fcr die Datenverarbeitung: Edwin Prochaska Werbeank\u00fcndigungsges.m.b.H, Hnilickastrasse 37, 3100 St.P\u00f6lten Telefon: 0699 \u2013 100 50 393 e-mail:\u00a0office@plakatpool.at Wir freuen uns \u00fcber Ihr&hellip;<\/p>\n<p><a class=\"more-link\" href=\"https:\/\/www.plakatpool.at\/?page_id=3696\">Read More<\/a><\/p>\n","protected":false},"author":1,"featured_media":0,"parent":0,"menu_order":0,"comment_status":"closed","ping_status":"closed","template":"","meta":[],"_links":{"self":[{"href":"https:\/\/www.plakatpool.at\/index.php?rest_route=\/wp\/v2\/pages\/3696"}],"collection":[{"href":"https:\/\/www.plakatpool.at\/index.php?rest_route=\/wp\/v2\/pages"}],"about":[{"href":"https:\/\/www.plakatpool.at\/index.php?rest_route=\/wp\/v2\/types\/page"}],"author":[{"embeddable":true,"href":"https:\/\/www.plakatpool.at\/index.php?rest_route=\/wp\/v2\/users\/1"}],"replies":[{"embeddable":true,"href":"https:\/\/www.plakatpool.at\/index.php?rest_route=%2Fwp%2Fv2%2Fcomments&post=3696"}],"version-history":[{"count":2,"href":"https:\/\/www.plakatpool.at\/index.php?rest_route=\/wp\/v2\/pages\/3696\/revisions"}],"predecessor-version":[{"id":3699,"href":"https:\/\/www.plakatpool.at\/index.php?rest_route=\/wp\/v2\/pages\/3696\/revisions\/3699"}],"wp:attachment":[{"href":"https:\/\/www.plakatpool.at\/index.php?rest_route=%2Fwp%2Fv2%2Fmedia&parent=3696"}],"curies":[{"name":"wp","href":"https:\/\/api.w.org\/{rel}","templated":true}]}}